{"id":587,"date":"2025-04-01T15:28:11","date_gmt":"2025-04-01T08:28:11","guid":{"rendered":"https:\/\/minis.edu.vn\/a-dat-at-minis\/"},"modified":"2025-04-01T15:28:11","modified_gmt":"2025-04-01T08:28:11","slug":"a-dat-at-minis","status":"publish","type":"page","link":"https:\/\/minis.edu.vn\/en\/a-dat-at-minis\/","title":{"rendered":"A Dat At Minis"},"content":{"rendered":"","protected":false},"excerpt":{"rendered":"","protected":false},"author":4,"featured_media":0,"parent":0,"menu_order":4,"comment_status":"closed","ping_status":"closed","template":"","meta":{"footnotes":""},"class_list":["post-587","page","type-page","status-publish","hentry"],"acf":[],"yoast_head":"<!-- This site is optimized with the Yoast SEO plugin v27.3 - https:\/\/yoast.com\/product\/yoast-seo-wordpress\/ -->\n<title>A Dat At Minis - Montessori In Nature International School<\/title>\n<meta name=\"robots\" content=\"index, follow, max-snippet:-1, max-image-preview:large, max-video-preview:-1\" \/>\n<link rel=\"canonical\" href=\"https:\/\/minis.edu.vn\/en\/a-dat-at-minis\/\" \/>\n<meta property=\"og:locale\" content=\"en_US\" \/>\n<meta property=\"og:type\" content=\"article\" \/>\n<meta property=\"og:title\" content=\"A Dat At Minis - Montessori In Nature International School\" \/>\n<meta property=\"og:url\" content=\"https:\/\/minis.edu.vn\/en\/a-dat-at-minis\/\" \/>\n<meta property=\"og:site_name\" content=\"Montessori In Nature International School\" \/>\n<meta property=\"article:publisher\" content=\"https:\/\/www.facebook.com\/MINIS.edu.vn\" \/>\n<meta name=\"twitter:card\" content=\"summary_large_image\" \/>\n<script type=\"application\/ld+json\" class=\"yoast-schema-graph\">{\"@context\":\"https:\\\/\\\/schema.org\",\"@graph\":[{\"@type\":\"WebPage\",\"@id\":\"https:\\\/\\\/minis.edu.vn\\\/en\\\/a-dat-at-minis\\\/\",\"url\":\"https:\\\/\\\/minis.edu.vn\\\/en\\\/a-dat-at-minis\\\/\",\"name\":\"A Dat At Minis - Montessori In Nature International School\",\"isPartOf\":{\"@id\":\"https:\\\/\\\/minis.edu.vn\\\/en\\\/#website\"},\"datePublished\":\"2025-04-01T08:28:11+00:00\",\"inLanguage\":\"en-US\",\"potentialAction\":[{\"@type\":\"ReadAction\",\"target\":[\"https:\\\/\\\/minis.edu.vn\\\/en\\\/a-dat-at-minis\\\/\"]}]},{\"@type\":\"WebSite\",\"@id\":\"https:\\\/\\\/minis.edu.vn\\\/en\\\/#website\",\"url\":\"https:\\\/\\\/minis.edu.vn\\\/en\\\/\",\"name\":\"Minis.edu.vn\",\"description\":\"Minis cung c\u1ea5p ch\u01b0\u01a1ng tr\u00ecnh h\u1ecdc Montessori ch\u00ednh th\u1ed1ng, t\u1eadp trung v\u00e0o vi\u1ec7c ph\u00e1t tri\u1ec3n c\u00e1c k\u1ef9 n\u0103ng v\u00e0 kh\u1ea3 n\u0103ng c\u1ee7a tr\u1ebb m\u1ed9t c\u00e1ch t\u1ef1 nhi\u00ean. Ngo\u00e0i ra, Minis c\u0169ng c\u00f3 c\u00e1c l\u1edbp h\u1ecdc n\u0103ng khi\u1ebfu \u0111\u01b0\u1ee3c thi\u1ebft k\u1ebf \u0111\u1ec3 ph\u00f9 h\u1ee3p v\u1edbi t\u1eebng \u0111\u1ed9 tu\u1ed5i nh\u1eb1m ph\u00e1t huy t\u1ed1i \u0111a ti\u1ec1m n\u0103ng c\u1ee7a tr\u1ebb.\",\"publisher\":{\"@id\":\"https:\\\/\\\/minis.edu.vn\\\/en\\\/#organization\"},\"potentialAction\":[{\"@type\":\"SearchAction\",\"target\":{\"@type\":\"EntryPoint\",\"urlTemplate\":\"https:\\\/\\\/minis.edu.vn\\\/en\\\/?s={search_term_string}\"},\"query-input\":{\"@type\":\"PropertyValueSpecification\",\"valueRequired\":true,\"valueName\":\"search_term_string\"}}],\"inLanguage\":\"en-US\"},{\"@type\":\"Organization\",\"@id\":\"https:\\\/\\\/minis.edu.vn\\\/en\\\/#organization\",\"name\":\"Minis.edu.vn\",\"url\":\"https:\\\/\\\/minis.edu.vn\\\/en\\\/\",\"logo\":{\"@type\":\"ImageObject\",\"inLanguage\":\"en-US\",\"@id\":\"https:\\\/\\\/minis.edu.vn\\\/en\\\/#\\\/schema\\\/logo\\\/image\\\/\",\"url\":\"https:\\\/\\\/minis.edu.vn\\\/wp-content\\\/uploads\\\/2022\\\/12\\\/share-logo.png\",\"contentUrl\":\"https:\\\/\\\/minis.edu.vn\\\/wp-content\\\/uploads\\\/2022\\\/12\\\/share-logo.png\",\"width\":500,\"height\":146,\"caption\":\"Minis.edu.vn\"},\"image\":{\"@id\":\"https:\\\/\\\/minis.edu.vn\\\/en\\\/#\\\/schema\\\/logo\\\/image\\\/\"},\"sameAs\":[\"https:\\\/\\\/www.facebook.com\\\/MINIS.edu.vn\"]}]}<\/script>\n<!-- \/ Yoast SEO plugin. -->","yoast_head_json":{"title":"A Dat At Minis - Montessori In Nature International School","robots":{"index":"index","follow":"follow","max-snippet":"max-snippet:-1","max-image-preview":"max-image-preview:large","max-video-preview":"max-video-preview:-1"},"canonical":"https:\/\/minis.edu.vn\/en\/a-dat-at-minis\/","og_locale":"en_US","og_type":"article","og_title":"A Dat At Minis - Montessori In Nature International School","og_url":"https:\/\/minis.edu.vn\/en\/a-dat-at-minis\/","og_site_name":"Montessori In Nature International School","article_publisher":"https:\/\/www.facebook.com\/MINIS.edu.vn","twitter_card":"summary_large_image","schema":{"@context":"https:\/\/schema.org","@graph":[{"@type":"WebPage","@id":"https:\/\/minis.edu.vn\/en\/a-dat-at-minis\/","url":"https:\/\/minis.edu.vn\/en\/a-dat-at-minis\/","name":"A Dat At Minis - Montessori In Nature International School","isPartOf":{"@id":"https:\/\/minis.edu.vn\/en\/#website"},"datePublished":"2025-04-01T08:28:11+00:00","inLanguage":"en-US","potentialAction":[{"@type":"ReadAction","target":["https:\/\/minis.edu.vn\/en\/a-dat-at-minis\/"]}]},{"@type":"WebSite","@id":"https:\/\/minis.edu.vn\/en\/#website","url":"https:\/\/minis.edu.vn\/en\/","name":"Minis.edu.vn","description":"Minis cung c\u1ea5p ch\u01b0\u01a1ng tr\u00ecnh h\u1ecdc Montessori ch\u00ednh th\u1ed1ng, t\u1eadp trung v\u00e0o vi\u1ec7c ph\u00e1t tri\u1ec3n c\u00e1c k\u1ef9 n\u0103ng v\u00e0 kh\u1ea3 n\u0103ng c\u1ee7a tr\u1ebb m\u1ed9t c\u00e1ch t\u1ef1 nhi\u00ean. Ngo\u00e0i ra, Minis c\u0169ng c\u00f3 c\u00e1c l\u1edbp h\u1ecdc n\u0103ng khi\u1ebfu \u0111\u01b0\u1ee3c thi\u1ebft k\u1ebf \u0111\u1ec3 ph\u00f9 h\u1ee3p v\u1edbi t\u1eebng \u0111\u1ed9 tu\u1ed5i nh\u1eb1m ph\u00e1t huy t\u1ed1i \u0111a ti\u1ec1m n\u0103ng c\u1ee7a tr\u1ebb.","publisher":{"@id":"https:\/\/minis.edu.vn\/en\/#organization"},"potentialAction":[{"@type":"SearchAction","target":{"@type":"EntryPoint","urlTemplate":"https:\/\/minis.edu.vn\/en\/?s={search_term_string}"},"query-input":{"@type":"PropertyValueSpecification","valueRequired":true,"valueName":"search_term_string"}}],"inLanguage":"en-US"},{"@type":"Organization","@id":"https:\/\/minis.edu.vn\/en\/#organization","name":"Minis.edu.vn","url":"https:\/\/minis.edu.vn\/en\/","logo":{"@type":"ImageObject","inLanguage":"en-US","@id":"https:\/\/minis.edu.vn\/en\/#\/schema\/logo\/image\/","url":"https:\/\/minis.edu.vn\/wp-content\/uploads\/2022\/12\/share-logo.png","contentUrl":"https:\/\/minis.edu.vn\/wp-content\/uploads\/2022\/12\/share-logo.png","width":500,"height":146,"caption":"Minis.edu.vn"},"image":{"@id":"https:\/\/minis.edu.vn\/en\/#\/schema\/logo\/image\/"},"sameAs":["https:\/\/www.facebook.com\/MINIS.edu.vn"]}]}},"_links":{"self":[{"href":"https:\/\/minis.edu.vn\/en\/wp-json\/wp\/v2\/pages\/587","targetHints":{"allow":["GET"]}}],"collection":[{"href":"https:\/\/minis.edu.vn\/en\/wp-json\/wp\/v2\/pages"}],"about":[{"href":"https:\/\/minis.edu.vn\/en\/wp-json\/wp\/v2\/types\/page"}],"author":[{"embeddable":true,"href":"https:\/\/minis.edu.vn\/en\/wp-json\/wp\/v2\/users\/4"}],"replies":[{"embeddable":true,"href":"https:\/\/minis.edu.vn\/en\/wp-json\/wp\/v2\/comments?post=587"}],"version-history":[{"count":0,"href":"https:\/\/minis.edu.vn\/en\/wp-json\/wp\/v2\/pages\/587\/revisions"}],"wp:attachment":[{"href":"https:\/\/minis.edu.vn\/en\/wp-json\/wp\/v2\/media?parent=587"}],"curies":[{"name":"wp","href":"https:\/\/api.w.org\/{rel}","templated":true}]}}